{"id":58,"date":"2022-01-18T07:37:13","date_gmt":"2022-01-18T07:37:13","guid":{"rendered":"https:\/\/www.fototerra-sonomatic.com.br\/?page_id=58"},"modified":"2025-05-27T08:03:14","modified_gmt":"2025-05-27T08:03:14","slug":"asset-deployed-inspection","status":"publish","type":"page","link":"https:\/\/www.fototerra-sonomatic.com.br\/pt\/subsea\/asset-deployed-inspection\/","title":{"rendered":"Inspe\u00e7\u00e3o com Ferramentas lan\u00e7adas do Ativo"},"content":{"rendered":"","protected":false},"excerpt":{"rendered":"","protected":false},"author":1,"featured_media":8926,"parent":6,"menu_order":0,"comment_status":"closed","ping_status":"closed","template":"templates\/flexi-sections.php","meta":{"_acf_changed":false,"footnotes":""},"class_list":["post-58","page","type-page","status-publish","has-post-thumbnail","hentry"],"acf":[],"_links":{"self":[{"href":"https:\/\/www.fototerra-sonomatic.com.br\/pt\/wp-json\/wp\/v2\/pages\/58","targetHints":{"allow":["GET"]}}],"collection":[{"href":"https:\/\/www.fototerra-sonomatic.com.br\/pt\/wp-json\/wp\/v2\/pages"}],"about":[{"href":"https:\/\/www.fototerra-sonomatic.com.br\/pt\/wp-json\/wp\/v2\/types\/page"}],"author":[{"embeddable":true,"href":"https:\/\/www.fototerra-sonomatic.com.br\/pt\/wp-json\/wp\/v2\/users\/1"}],"replies":[{"embeddable":true,"href":"https:\/\/www.fototerra-sonomatic.com.br\/pt\/wp-json\/wp\/v2\/comments?post=58"}],"version-history":[{"count":9,"href":"https:\/\/www.fototerra-sonomatic.com.br\/pt\/wp-json\/wp\/v2\/pages\/58\/revisions"}],"predecessor-version":[{"id":12320,"href":"https:\/\/www.fototerra-sonomatic.com.br\/pt\/wp-json\/wp\/v2\/pages\/58\/revisions\/12320"}],"up":[{"embeddable":true,"href":"https:\/\/www.fototerra-sonomatic.com.br\/pt\/wp-json\/wp\/v2\/pages\/6"}],"wp:featuredmedia":[{"embeddable":true,"href":"https:\/\/www.fototerra-sonomatic.com.br\/pt\/wp-json\/wp\/v2\/media\/8926"}],"wp:attachment":[{"href":"https:\/\/www.fototerra-sonomatic.com.br\/pt\/wp-json\/wp\/v2\/media?parent=58"}],"curies":[{"name":"wp","href":"https:\/\/api.w.org\/{rel}","templated":true}]}}