{"id":11871,"date":"2025-02-12T04:19:37","date_gmt":"2025-02-12T04:19:37","guid":{"rendered":"https:\/\/www.fototerra-sonomatic.com.br\/?page_id=11871"},"modified":"2025-05-27T07:17:30","modified_gmt":"2025-05-27T07:17:30","slug":"inspection-technique","status":"publish","type":"page","link":"https:\/\/www.fototerra-sonomatic.com.br\/pt\/inspection-technique\/","title":{"rendered":"T\u00e9cnica de inspe\u00e7\u00e3o"},"content":{"rendered":"","protected":false},"excerpt":{"rendered":"","protected":false},"author":8,"featured_media":10625,"parent":0,"menu_order":0,"comment_status":"closed","ping_status":"closed","template":"templates\/flexi-sections.php","meta":{"_acf_changed":false,"footnotes":""},"class_list":["post-11871","page","type-page","status-publish","has-post-thumbnail","hentry"],"acf":[],"_links":{"self":[{"href":"https:\/\/www.fototerra-sonomatic.com.br\/pt\/wp-json\/wp\/v2\/pages\/11871","targetHints":{"allow":["GET"]}}],"collection":[{"href":"https:\/\/www.fototerra-sonomatic.com.br\/pt\/wp-json\/wp\/v2\/pages"}],"about":[{"href":"https:\/\/www.fototerra-sonomatic.com.br\/pt\/wp-json\/wp\/v2\/types\/page"}],"author":[{"embeddable":true,"href":"https:\/\/www.fototerra-sonomatic.com.br\/pt\/wp-json\/wp\/v2\/users\/8"}],"replies":[{"embeddable":true,"href":"https:\/\/www.fototerra-sonomatic.com.br\/pt\/wp-json\/wp\/v2\/comments?post=11871"}],"version-history":[{"count":41,"href":"https:\/\/www.fototerra-sonomatic.com.br\/pt\/wp-json\/wp\/v2\/pages\/11871\/revisions"}],"predecessor-version":[{"id":12297,"href":"https:\/\/www.fototerra-sonomatic.com.br\/pt\/wp-json\/wp\/v2\/pages\/11871\/revisions\/12297"}],"wp:featuredmedia":[{"embeddable":true,"href":"https:\/\/www.fototerra-sonomatic.com.br\/pt\/wp-json\/wp\/v2\/media\/10625"}],"wp:attachment":[{"href":"https:\/\/www.fototerra-sonomatic.com.br\/pt\/wp-json\/wp\/v2\/media?parent=11871"}],"curies":[{"name":"wp","href":"https:\/\/api.w.org\/{rel}","templated":true}]}}